{"id":356,"date":"2015-04-23T12:57:21","date_gmt":"2015-04-23T12:57:21","guid":{"rendered":"http:\/\/demo1.wprentals.org\/?page_id=356"},"modified":"2026-03-30T12:18:44","modified_gmt":"2026-03-30T12:18:44","slug":"terms-and-conditions","status":"publish","type":"page","link":"https:\/\/sexy-suite.fr\/?page_id=356","title":{"rendered":"Termes et Conditions"},"content":{"rendered":"\t\t<div data-elementor-type=\"wp-page\" data-elementor-id=\"356\" class=\"elementor elementor-356\">\n\t\t\t\t<div class=\"elementor-element elementor-element-f768d5a e-flex e-con-boxed e-con e-parent\" data-id=\"f768d5a\" data-element_type=\"container\">\n\t\t\t\t\t<div class=\"e-con-inner\">\n\t\t\t\t<div class=\"elementor-element elementor-element-4d7948e elementor-widget elementor-widget-html\" data-id=\"4d7948e\" data-element_type=\"widget\" data-widget_type=\"html.default\">\n\t\t\t\t<div class=\"elementor-widget-container\">\n\t\t\t\t\t<div class=\"terms-container\">\r\n    <h2><\/h2>\r\n    <p>Bienvenue sur notre site. En acc\u00e9dant et en utilisant ce site, vous acceptez les conditions g\u00e9n\u00e9rales suivantes:<\/p>\r\n\r\n    <h3>1. Utilisation du site<\/h3>\r\n    <p>Ce site est destin\u00e9 \u00e0 fournir des informations sur nos services. Toute utilisation abusive est interdite. Tout le contenu de ce site (textes, images, logos) est prot\u00e9g\u00e9 par des droits d\u2019auteur et ne peut \u00eatre utilis\u00e9 sans autorisation.<\/p>\r\n\r\n    <h3>2.  R\u00e9servation et remboursement<\/h3>\r\n    <p>  Les prix affich\u00e9s incluent les taxes et frais de service.<\/lil>  Nous nous r\u00e9servons le droit de refuser ou d'annuler une r\u00e9servation en cas de non-respect des pr\u00e9sentes conditions.\r\n    Annulation plus de 14 jours avant l'arriv\u00e9e; remboursement int\u00e9gral. Annulation apr\u00e8s ces 14 jours: aucun remboursement. Consultez notre page de remboursements et de retours pour plus de d\u00e9tails.<\/p>\r\n\r\n    <h3>3. R\u00e8gles de s\u00e9jour<\/h3>\r\n    <p> La suite est exclusivement r\u00e9serv\u00e9e aux adultes (+ 18ans). Il est interdit de fumer \u00e0 l'int\u00e8rieur. Toutes d\u00e9gradations ou vol entra\u00eenera des frais, retenus sur votre caution.Respect du voisinage exig\u00e9.<\/p>\r\n    \r\n    \r\n    <h3>4. Responsabilit\u00e9<\/h3>\r\n<p> Sexy Suite d\u00e9cline toutes responsabilit\u00e9 en cas de perte, vol ou dommage des effets personnels des clients. En cas de probl\u00e8mes techniques ou de force majeure, nous nous r\u00e9servons le droit de modifier ou annuler une r\u00e9servation. <\/p>\r\n\r\n<h3> Confidentialit\u00e9 et Donn\u00e9es personelles<\/h3>\r\n<p> Nous nous engageons \u00e0 prot\u00e9ger vos donn\u00e9es personelles conform\u00e9ment aux lois en vigueur. Vos informations ne seront ni vendues ni partag\u00e9es avec des tiers sans votre consentement. <\/p>\r\n\t\t\t\t<\/div>\n\t\t\t\t<\/div>\n\t\t\t\t\t<\/div>\n\t\t\t\t<\/div>\n\t\t<div class=\"elementor-element elementor-element-db85ae8 e-flex e-con-boxed e-con e-parent\" data-id=\"db85ae8\" data-element_type=\"container\">\n\t\t\t\t\t<div class=\"e-con-inner\">\n\t\t\t\t\t<\/div>\n\t\t\t\t<\/div>\n\t\t\t\t<\/div>\n\t\t","protected":false},"excerpt":{"rendered":"<p>Bienvenue sur notre site. En acc\u00e9dant et en utilisant ce site, vous acceptez les conditions g\u00e9n\u00e9rales suivantes: 1. Utilisation du site Ce site est destin\u00e9 \u00e0 fournir des informations sur nos services. Toute utilisation abusive est interdite. Tout le contenu de ce site (textes, images, logos) est prot\u00e9g\u00e9 par des droits d\u2019auteur et ne peut &#8230;<\/p>\n","protected":false},"author":1,"featured_media":0,"parent":0,"menu_order":0,"comment_status":"closed","ping_status":"closed","template":"","meta":{"footnotes":""},"class_list":["post-356","page","type-page","status-publish","hentry"],"_links":{"self":[{"href":"https:\/\/sexy-suite.fr\/index.php?rest_route=\/wp\/v2\/pages\/356","targetHints":{"allow":["GET"]}}],"collection":[{"href":"https:\/\/sexy-suite.fr\/index.php?rest_route=\/wp\/v2\/pages"}],"about":[{"href":"https:\/\/sexy-suite.fr\/index.php?rest_route=\/wp\/v2\/types\/page"}],"author":[{"embeddable":true,"href":"https:\/\/sexy-suite.fr\/index.php?rest_route=\/wp\/v2\/users\/1"}],"replies":[{"embeddable":true,"href":"https:\/\/sexy-suite.fr\/index.php?rest_route=%2Fwp%2Fv2%2Fcomments&post=356"}],"version-history":[{"count":9,"href":"https:\/\/sexy-suite.fr\/index.php?rest_route=\/wp\/v2\/pages\/356\/revisions"}],"predecessor-version":[{"id":42694,"href":"https:\/\/sexy-suite.fr\/index.php?rest_route=\/wp\/v2\/pages\/356\/revisions\/42694"}],"wp:attachment":[{"href":"https:\/\/sexy-suite.fr\/index.php?rest_route=%2Fwp%2Fv2%2Fmedia&parent=356"}],"curies":[{"name":"wp","href":"https:\/\/api.w.org\/{rel}","templated":true}]}}