{"id":42130,"date":"2025-03-29T15:34:48","date_gmt":"2025-03-29T15:34:48","guid":{"rendered":"https:\/\/sexy-suite.fr\/?page_id=42130"},"modified":"2026-03-30T12:19:04","modified_gmt":"2026-03-30T12:19:04","slug":"remboursements_retours","status":"publish","type":"page","link":"https:\/\/sexy-suite.fr\/?page_id=42130","title":{"rendered":"Politique en mati\u00e8re de remboursements et de retours"},"content":{"rendered":"\t\t<div data-elementor-type=\"wp-page\" data-elementor-id=\"42130\" class=\"elementor elementor-42130\">\n\t\t\t\t<div class=\"elementor-element elementor-element-1603728 e-flex e-con-boxed e-con e-parent\" data-id=\"1603728\" data-element_type=\"container\">\n\t\t\t\t\t<div class=\"e-con-inner\">\n\t\t\t\t<div class=\"elementor-element elementor-element-d6004fa elementor-widget elementor-widget-html\" data-id=\"d6004fa\" data-element_type=\"widget\" data-widget_type=\"html.default\">\n\t\t\t\t<div class=\"elementor-widget-container\">\n\t\t\t\t\t<div class=\"reservation-policy\">\r\n    <h2>R\u00e9servations et paiement<\/h2>\r\n    <p>Toute r\u00e9servation de notre love room <strong>\"Sexy Suite\"<\/strong> est confirm\u00e9e apr\u00e8s r\u00e9ception du paiement int\u00e9gral. Ainsi que de la caution, sous forme d'empreinte bancaire. Cela garantit la disponibilit\u00e9 de la suite aux dates choisies.<\/p>\r\n\r\n    <h2>Annulation et remboursement<\/h2>\r\n    <ul>\r\n        <li><strong>Annulation 30 jours avant la date d'arriv\u00e9e :<\/strong> Remboursement int\u00e9gral.<\/li>\r\n        <li><strong>Annulation 15 jours avant :<\/strong> Remboursement \u00e0 50% ou report de date (dans les 6 mois).<\/li>\r\n        <li><strong>Annulation dans les 15 jours pr\u00e9c\u00e9dant la r\u00e9servation :<\/strong> Aucun remboursement.<\/li>\r\n    <\/ul>\r\n\r\n    <h2>Modification de r\u00e9servation<\/h2>\r\n    <p>Si vous souhaitez modifier vos dates de s\u00e9jour, nous ferons de notre mieux sous r\u00e9serve de disponibilit\u00e9. Une modification est possible <strong>sans frais<\/strong> jusqu'\u00e0 7 jours avant l'arriv\u00e9e.<\/p>\r\n\r\n    <h2>Non-pr\u00e9sentation ou s\u00e9jour interrompu<\/h2>\r\n    <p>En cas de non-pr\u00e9sentation sans annulation pr\u00e9alable, <strong>aucun remboursement<\/strong> ne sera accord\u00e9. Tout s\u00e9jour interrompu ou \u00e9court\u00e9 de votre fait ne donnera droit \u00e0 aucun remboursement.<\/p>\r\n\r\n    <h2>Probl\u00e8mes et r\u00e9clamations<\/h2>\r\n    <p>Si un probl\u00e8me survient pendant votre s\u00e9jour, veuillez nous contacter imm\u00e9diatement afin que nous puissions y rem\u00e9dier. <strong>Aucune demande de remboursement ne sera accept\u00e9e apr\u00e8s le d\u00e9part<\/strong> si le probl\u00e8me n'a pas \u00e9t\u00e9 signal\u00e9 lors du s\u00e9jour.<\/p>\r\n<\/div>\r\n\r\n\t\t\t\t<\/div>\n\t\t\t\t<\/div>\n\t\t\t\t\t<\/div>\n\t\t\t\t<\/div>\n\t\t\t\t<\/div>\n\t\t","protected":false},"excerpt":{"rendered":"<p>R\u00e9servations et paiement Toute r\u00e9servation de notre love room \u00ab\u00a0Sexy Suite\u00a0\u00bb est confirm\u00e9e apr\u00e8s r\u00e9ception du paiement int\u00e9gral. Ainsi que de la caution, sous forme d&#8217;empreinte bancaire. Cela garantit la disponibilit\u00e9 de la suite aux dates choisies. Annulation et remboursement Annulation 30 jours avant la date d&rsquo;arriv\u00e9e : Remboursement int\u00e9gral. Annulation 15 jours avant : &#8230;<\/p>\n","protected":false},"author":1,"featured_media":0,"parent":0,"menu_order":0,"comment_status":"closed","ping_status":"closed","template":"","meta":{"footnotes":""},"class_list":["post-42130","page","type-page","status-publish","hentry"],"_links":{"self":[{"href":"https:\/\/sexy-suite.fr\/index.php?rest_route=\/wp\/v2\/pages\/42130","targetHints":{"allow":["GET"]}}],"collection":[{"href":"https:\/\/sexy-suite.fr\/index.php?rest_route=\/wp\/v2\/pages"}],"about":[{"href":"https:\/\/sexy-suite.fr\/index.php?rest_route=\/wp\/v2\/types\/page"}],"author":[{"embeddable":true,"href":"https:\/\/sexy-suite.fr\/index.php?rest_route=\/wp\/v2\/users\/1"}],"replies":[{"embeddable":true,"href":"https:\/\/sexy-suite.fr\/index.php?rest_route=%2Fwp%2Fv2%2Fcomments&post=42130"}],"version-history":[{"count":15,"href":"https:\/\/sexy-suite.fr\/index.php?rest_route=\/wp\/v2\/pages\/42130\/revisions"}],"predecessor-version":[{"id":42709,"href":"https:\/\/sexy-suite.fr\/index.php?rest_route=\/wp\/v2\/pages\/42130\/revisions\/42709"}],"wp:attachment":[{"href":"https:\/\/sexy-suite.fr\/index.php?rest_route=%2Fwp%2Fv2%2Fmedia&parent=42130"}],"curies":[{"name":"wp","href":"https:\/\/api.w.org\/{rel}","templated":true}]}}