{"id":42423,"date":"2025-02-26T12:28:14","date_gmt":"2025-02-26T12:28:14","guid":{"rendered":"https:\/\/sexy-suite.fr\/?page_id=42423"},"modified":"2026-03-30T14:15:56","modified_gmt":"2026-03-30T14:15:56","slug":"carte-cadeau","status":"publish","type":"page","link":"https:\/\/sexy-suite.fr\/?page_id=42423","title":{"rendered":"carte cadeau"},"content":{"rendered":"\t\t<div data-elementor-type=\"wp-page\" data-elementor-id=\"42423\" class=\"elementor elementor-42423\">\n\t\t\t\t<div class=\"elementor-element elementor-element-51dafae7 e-flex e-con-boxed e-con e-parent\" data-id=\"51dafae7\" data-element_type=\"container\">\n\t\t\t\t\t<div class=\"e-con-inner\">\n\t\t\t\t<div class=\"elementor-element elementor-element-204de957 elementor-widget elementor-widget-text-editor\" data-id=\"204de957\" data-element_type=\"widget\" data-widget_type=\"text-editor.default\">\n\t\t\t\t<div class=\"elementor-widget-container\">\n\t\t\t\t\t\t\t\t\t<div class=\"wpforms-container wpforms-container-full wpforms-stripe wpforms-render-modern\" id=\"wpforms-42408\">\n<form id=\"wpforms-form-42408\" class=\"wpforms-validate wpforms-form wpforms-ajax-form\" data-formid=\"42408\" method=\"post\" enctype=\"multipart\/form-data\" action=\"\/index.php?rest_route=%2Fwp%2Fv2%2Fpages%2F42423\" data-token=\"f3e52ebeb95fe263a0d06b7d60f12805\" data-token-time=\"1775482719\"><noscript class=\"wpforms-error-noscript\">Veuillez activer JavaScript dans votre navigateur pour remplir ce formulaire.<\/noscript><\/p>\n<div class=\"wpforms-hidden\" id=\"wpforms-error-noscript\">Veuillez activer JavaScript dans votre navigateur pour remplir ce formulaire.<\/div>\n<div class=\"wpforms-field-container\">\n<div id=\"wpforms-42408-field_1-container\" class=\"wpforms-field wpforms-field-name\" data-field-id=\"1\">\n<fieldset>\n<legend class=\"wpforms-field-label\">Nom <span class=\"wpforms-required-label\" aria-hidden=\"true\">*<\/span><\/legend>\n<div class=\"wpforms-field-row wpforms-field-medium\">\n<div class=\"wpforms-field-row-block wpforms-first wpforms-one-half\"><input type=\"text\" id=\"wpforms-42408-field_1\" class=\"wpforms-field-name-first wpforms-field-required\" name=\"wpforms[fields][1][first]\" aria-errormessage=\"wpforms-42408-field_1-error\" required><label for=\"wpforms-42408-field_1\" class=\"wpforms-field-sublabel after\">Pr\u00e9nom<\/label><\/div>\n<div class=\"wpforms-field-row-block wpforms-one-half\"><input type=\"text\" id=\"wpforms-42408-field_1-last\" class=\"wpforms-field-name-last wpforms-field-required\" name=\"wpforms[fields][1][last]\" aria-errormessage=\"wpforms-42408-field_1-last-error\" required><label for=\"wpforms-42408-field_1-last\" class=\"wpforms-field-sublabel after\">Nom<\/label><\/div>\n<\/div>\n<\/fieldset>\n<\/div>\n<div id=\"wpforms-42408-field_4-container\" class=\"wpforms-field wpforms-field-email\" data-field-id=\"4\"><label class=\"wpforms-field-label\" for=\"wpforms-42408-field_4\">E-mail <span class=\"wpforms-required-label\" aria-hidden=\"true\">*<\/span><\/label><input type=\"email\" id=\"wpforms-42408-field_4\" class=\"wpforms-field-medium wpforms-field-required\" name=\"wpforms[fields][4]\" spellcheck=\"false\" aria-errormessage=\"wpforms-42408-field_4-error\" required><\/div>\n<div id=\"wpforms-42408-field_9-container\" class=\"wpforms-field wpforms-field-text\" data-field-id=\"9\"><label class=\"wpforms-field-label\" for=\"wpforms-42408-field_9\">Pour:<\/label><input type=\"text\" id=\"wpforms-42408-field_9\" class=\"wpforms-field-small\" name=\"wpforms[fields][9]\" aria-errormessage=\"wpforms-42408-field_9-error\" ><\/div>\n<div id=\"wpforms-42408-field_10-container\" class=\"wpforms-field wpforms-field-text\" data-field-id=\"10\"><label class=\"wpforms-field-label\" for=\"wpforms-42408-field_10\">De la part de: <\/label><input type=\"text\" id=\"wpforms-42408-field_10\" class=\"wpforms-field-small\" name=\"wpforms[fields][10]\" aria-errormessage=\"wpforms-42408-field_10-error\" ><\/div>\n<div id=\"wpforms-42408-field_11-container\" class=\"wpforms-field wpforms-field-text\" data-field-id=\"11\"><label class=\"wpforms-field-label\" for=\"wpforms-42408-field_11\">Message personnalis\u00e9<\/label><input type=\"text\" id=\"wpforms-42408-field_11\" class=\"wpforms-field-medium\" name=\"wpforms[fields][11]\" aria-errormessage=\"wpforms-42408-field_11-error\" ><\/div>\n<div id=\"wpforms-42408-field_21-container\" class=\"wpforms-field wpforms-field-payment-checkbox\" data-field-id=\"21\">\n<fieldset>\n<legend class=\"wpforms-field-label\">Montant <span class=\"wpforms-required-label\" aria-hidden=\"true\">*<\/span><\/legend>\n<ul id=\"wpforms-42408-field_21\" class=\"wpforms-field-required\">\n<li class=\"choice-1\"><input type=\"checkbox\" id=\"wpforms-42408-field_21_1\" class=\"wpforms-payment-price\" data-amount=\"160,00\" name=\"wpforms[fields][21][]\" value=\"1\" aria-errormessage=\"wpforms-42408-field_21_1-error\" required ><label class=\"wpforms-field-label-inline\" for=\"wpforms-42408-field_21_1\">Nuit en semaine &#8211; <span class=\"wpforms-currency-symbol\">160,00 &euro;<\/span><\/label><\/li>\n<li class=\"choice-2\"><input type=\"checkbox\" id=\"wpforms-42408-field_21_2\" class=\"wpforms-payment-price\" data-amount=\"200,00\" name=\"wpforms[fields][21][]\" value=\"2\" aria-errormessage=\"wpforms-42408-field_21_2-error\" required ><label class=\"wpforms-field-label-inline\" for=\"wpforms-42408-field_21_2\">Nuit en week-end &#8211; <span class=\"wpforms-currency-symbol\">200,00 &euro;<\/span><\/label><\/li>\n<\/ul>\n<\/fieldset>\n<\/div>\n<div id=\"wpforms-42408-field_24-container\" class=\"wpforms-field wpforms-field-payment-checkbox\" data-field-id=\"24\">\n<fieldset>\n<legend class=\"wpforms-field-label\">Extras<\/legend>\n<ul id=\"wpforms-42408-field_24\">\n<li class=\"choice-1\"><input type=\"checkbox\" id=\"wpforms-42408-field_24_1\" class=\"wpforms-payment-price\" data-amount=\"20,00\" name=\"wpforms[fields][24][]\" value=\"1\" aria-errormessage=\"wpforms-42408-field_24_1-error\" aria-describedby=\"wpforms-42408-field_24-description\"  ><label class=\"wpforms-field-label-inline\" for=\"wpforms-42408-field_24_1\">Petit-d\u00e9jeuner &#8211; <span class=\"wpforms-currency-symbol\">20,00 &euro;<\/span><\/label><\/li>\n<li class=\"choice-2\"><input type=\"checkbox\" id=\"wpforms-42408-field_24_2\" class=\"wpforms-payment-price\" data-amount=\"35,00\" name=\"wpforms[fields][24][]\" value=\"2\" aria-errormessage=\"wpforms-42408-field_24_2-error\" aria-describedby=\"wpforms-42408-field_24-description\"  ><label class=\"wpforms-field-label-inline\" for=\"wpforms-42408-field_24_2\">Planche dinatoire &#8211; <span class=\"wpforms-currency-symbol\">35,00 &euro;<\/span><\/label><\/li>\n<li class=\"choice-3\"><input type=\"checkbox\" id=\"wpforms-42408-field_24_3\" class=\"wpforms-payment-price\" data-amount=\"15,00\" name=\"wpforms[fields][24][]\" value=\"3\" aria-errormessage=\"wpforms-42408-field_24_3-error\" aria-describedby=\"wpforms-42408-field_24-description\"  ><label class=\"wpforms-field-label-inline\" for=\"wpforms-42408-field_24_3\">Arriv\u00e9e anticip\u00e9e (16h) &#8211; <span class=\"wpforms-currency-symbol\">15,00 &euro;<\/span><\/label><\/li>\n<li class=\"choice-4\"><input type=\"checkbox\" id=\"wpforms-42408-field_24_4\" class=\"wpforms-payment-price\" data-amount=\"15,00\" name=\"wpforms[fields][24][]\" value=\"4\" aria-errormessage=\"wpforms-42408-field_24_4-error\" aria-describedby=\"wpforms-42408-field_24-description\"  ><label class=\"wpforms-field-label-inline\" for=\"wpforms-42408-field_24_4\">D\u00e9part tardif (13h) &#8211; <span class=\"wpforms-currency-symbol\">15,00 &euro;<\/span><\/label><\/li>\n<\/ul>\n<div id=\"wpforms-42408-field_24-description\" class=\"wpforms-field-description\">Autres options \u00e0 voir avec SexySuite<\/div>\n<\/fieldset>\n<\/div>\n<div id=\"wpforms-42408-field_8-container\" class=\"wpforms-field wpforms-field-checkbox\" data-field-id=\"8\">\n<fieldset>\n<legend class=\"wpforms-field-label\">Cases \u00e0 cocher <span class=\"wpforms-required-label\" aria-hidden=\"true\">*<\/span><\/legend>\n<ul id=\"wpforms-42408-field_8\" class=\"wpforms-field-required\" data-choice-limit=\"1\">\n<li class=\"choice-1 depth-1\"><input type=\"checkbox\" id=\"wpforms-42408-field_8_1\" data-rule-check-limit=\"true\" name=\"wpforms[fields][8][]\" value=\"Format papier (courrier)\" aria-errormessage=\"wpforms-42408-field_8_1-error\" required ><label class=\"wpforms-field-label-inline\" for=\"wpforms-42408-field_8_1\">Format papier (courrier)<\/label><\/li>\n<li class=\"choice-2 depth-1\"><input type=\"checkbox\" id=\"wpforms-42408-field_8_2\" data-rule-check-limit=\"true\" name=\"wpforms[fields][8][]\" value=\"D\u00e9mat\u00e9rialis\u00e9 (email)\" aria-errormessage=\"wpforms-42408-field_8_2-error\" required ><label class=\"wpforms-field-label-inline\" for=\"wpforms-42408-field_8_2\">D\u00e9mat\u00e9rialis\u00e9 (email)<\/label><\/li>\n<\/ul>\n<\/fieldset>\n<\/div>\n<div id=\"wpforms-42408-field_25-container\" class=\"wpforms-field wpforms-field-payment-total wpforms-field-medium\" data-field-id=\"25\"><label class=\"wpforms-field-label\">Total<\/label><\/p>\n<div class=\"wpforms-payment-total\" style=\"\">0,00 &euro;<\/div>\n<p><input type=\"hidden\" id=\"wpforms-42408-field_25\" class=\"wpforms-field-medium wpforms-payment-total\" name=\"wpforms[fields][25]\" value=\"0\"><\/div>\n<div id=\"wpforms-42408-field_17-container\" class=\"wpforms-field wpforms-field-stripe-credit-card\" data-field-id=\"17\"><label class=\"wpforms-field-label\">Carte bancaire Stripe <span class=\"wpforms-required-label\" aria-hidden=\"true\">*<\/span><\/label><\/p>\n<div class=\"wpforms-field-row wpforms-no-columns wpforms-field-medium \" data-sublabel-position=\"above\" data-link-email=\"\" data-required=\"1\">\n<div id=\"wpforms-field-stripe-link-element-42408\"><\/div>\n<div id=\"wpforms-field-stripe-payment-element-42408\"><\/div>\n<p><input type=\"text\" class=\"wpforms-stripe-credit-card-hidden-input\" name=\"wpforms[stripe-credit-card-hidden-input-42408]\" disabled style=\"display: none;\"><\/div>\n<\/div>\n<\/div>\n<p><!-- .wpforms-field-container --><\/p>\n<div class=\"wpforms-recaptcha-container wpforms-is-recaptcha wpforms-is-recaptcha-type-v2\" >\n<div class=\"g-recaptcha\" data-sitekey=\"6LccGOIqAAAAAMN5x_FVQAIiYD05IeLUD7TEv2MS\"><\/div>\n<p><input type=\"text\" name=\"g-recaptcha-hidden\" class=\"wpforms-recaptcha-hidden\" style=\"position:absolute!important;clip:rect(0,0,0,0)!important;height:1px!important;width:1px!important;border:0!important;overflow:hidden!important;padding:0!important;margin:0!important;\" data-rule-recaptcha=\"1\"><\/div>\n<div class=\"wpforms-submit-container\" ><input type=\"hidden\" name=\"wpforms[id]\" value=\"42408\"><input type=\"hidden\" name=\"page_title\" value=\"\"><input type=\"hidden\" name=\"page_url\" value=\"https:\/\/sexy-suite.fr\/index.php?rest_route=\/wp\/v2\/pages\/42423\"><input type=\"hidden\" name=\"url_referer\" value=\"\"><button type=\"submit\" name=\"wpforms[submit]\" id=\"wpforms-submit-42408\" class=\"wpforms-submit\" data-alt-text=\"Envoi...\" data-submit-text=\"Envoyer\" aria-live=\"assertive\" value=\"wpforms-submit\">Envoyer<\/button><img decoding=\"async\" src=\"https:\/\/sexy-suite.fr\/wp-content\/plugins\/wpforms-lite\/assets\/images\/submit-spin.svg\" class=\"wpforms-submit-spinner\" style=\"display: none;\" width=\"26\" height=\"26\" alt=\"Chargement en cours\"><\/div>\n<\/form>\n<\/div>\n<p>  <!-- .wpforms-container --><\/p>\n\n<p>\u00a0<\/p>\n\n<p>\u00a0<\/p>\n\t\t\t\t\t\t\t\t<\/div>\n\t\t\t\t<\/div>\n\t\t\t\t\t<\/div>\n\t\t\t\t<\/div>\n\t\t\t\t<\/div>\n\t\t","protected":false},"excerpt":{"rendered":"<p>\u00a0 \u00a0<\/p>\n","protected":false},"author":1,"featured_media":0,"parent":0,"menu_order":0,"comment_status":"closed","ping_status":"closed","template":"","meta":{"footnotes":""},"class_list":["post-42423","page","type-page","status-publish","hentry"],"_links":{"self":[{"href":"https:\/\/sexy-suite.fr\/index.php?rest_route=\/wp\/v2\/pages\/42423","targetHints":{"allow":["GET"]}}],"collection":[{"href":"https:\/\/sexy-suite.fr\/index.php?rest_route=\/wp\/v2\/pages"}],"about":[{"href":"https:\/\/sexy-suite.fr\/index.php?rest_route=\/wp\/v2\/types\/page"}],"author":[{"embeddable":true,"href":"https:\/\/sexy-suite.fr\/index.php?rest_route=\/wp\/v2\/users\/1"}],"replies":[{"embeddable":true,"href":"https:\/\/sexy-suite.fr\/index.php?rest_route=%2Fwp%2Fv2%2Fcomments&post=42423"}],"version-history":[{"count":20,"href":"https:\/\/sexy-suite.fr\/index.php?rest_route=\/wp\/v2\/pages\/42423\/revisions"}],"predecessor-version":[{"id":43100,"href":"https:\/\/sexy-suite.fr\/index.php?rest_route=\/wp\/v2\/pages\/42423\/revisions\/43100"}],"wp:attachment":[{"href":"https:\/\/sexy-suite.fr\/index.php?rest_route=%2Fwp%2Fv2%2Fmedia&parent=42423"}],"curies":[{"name":"wp","href":"https:\/\/api.w.org\/{rel}","templated":true}]}}