{"id":55,"date":"2025-02-11T16:33:21","date_gmt":"2025-02-11T16:33:21","guid":{"rendered":"https:\/\/sexy-suite.fr\/?page_id=55"},"modified":"2026-04-03T09:07:51","modified_gmt":"2026-04-03T09:07:51","slug":"tarifs","status":"publish","type":"page","link":"https:\/\/sexy-suite.fr\/?page_id=55","title":{"rendered":"Tarifs"},"content":{"rendered":"\t\t<div data-elementor-type=\"wp-page\" data-elementor-id=\"55\" class=\"elementor elementor-55\">\n\t\t\t\t<div class=\"elementor-element elementor-element-b606a8a e-flex e-con-boxed e-con e-parent\" data-id=\"b606a8a\" data-element_type=\"container\">\n\t\t\t\t\t<div class=\"e-con-inner\">\n\t\t\t\t<div class=\"elementor-element elementor-element-abe0bd6 elementor-widget elementor-widget-heading\" data-id=\"abe0bd6\" data-element_type=\"widget\" data-settings=\"{&quot;_animation&quot;:&quot;none&quot;}\" data-widget_type=\"heading.default\">\n\t\t\t\t<div class=\"elementor-widget-container\">\n\t\t\t\t\t<h2 class=\"elementor-heading-title elementor-size-default\">Tarifs<\/h2>\t\t\t\t<\/div>\n\t\t\t\t<\/div>\n\t\t\t\t\t<\/div>\n\t\t\t\t<\/div>\n\t\t<div class=\"elementor-element elementor-element-0796e53 e-con-full e-flex e-con e-parent\" data-id=\"0796e53\" data-element_type=\"container\">\n\t\t<div class=\"elementor-element elementor-element-3ada485 e-con-full e-flex e-con e-child\" data-id=\"3ada485\" data-element_type=\"container\" data-settings=\"{&quot;shape_divider_bottom&quot;:&quot;opacity-fan&quot;}\">\n\t\t\t\t<div class=\"elementor-shape elementor-shape-bottom\" aria-hidden=\"true\" data-negative=\"false\">\n\t\t\t<svg xmlns=\"http:\/\/www.w3.org\/2000\/svg\" viewBox=\"0 0 283.5 19.6\" preserveAspectRatio=\"none\">\n\t<path class=\"elementor-shape-fill\" style=\"opacity:0.33\" d=\"M0 0L0 18.8 141.8 4.1 283.5 18.8 283.5 0z\"\/>\n\t<path class=\"elementor-shape-fill\" style=\"opacity:0.33\" d=\"M0 0L0 12.6 141.8 4 283.5 12.6 283.5 0z\"\/>\n\t<path class=\"elementor-shape-fill\" style=\"opacity:0.33\" d=\"M0 0L0 6.4 141.8 4 283.5 6.4 283.5 0z\"\/>\n\t<path class=\"elementor-shape-fill\" d=\"M0 0L0 1.2 141.8 4 283.5 1.2 283.5 0z\"\/>\n<\/svg>\t\t<\/div>\n\t\t\t\t<div class=\"elementor-element elementor-element-3b30493 elementor-widget elementor-widget-heading\" data-id=\"3b30493\" data-element_type=\"widget\" data-widget_type=\"heading.default\">\n\t\t\t\t<div class=\"elementor-widget-container\">\n\t\t\t\t\t<h2 class=\"elementor-heading-title elementor-size-default\">Dimanche au jeudi<\/h2>\t\t\t\t<\/div>\n\t\t\t\t<\/div>\n\t\t\t\t<div class=\"elementor-element elementor-element-84a5d36 elementor-position-top elementor-widget elementor-widget-image-box\" data-id=\"84a5d36\" data-element_type=\"widget\" data-widget_type=\"image-box.default\">\n\t\t\t\t<div class=\"elementor-widget-container\">\n\t\t\t\t\t<div class=\"elementor-image-box-wrapper\"><figure class=\"elementor-image-box-img\"><img decoding=\"async\" src=\"https:\/\/sexy-suite.fr\/wp-content\/plugins\/elementor\/assets\/images\/placeholder.png\" title=\"\" alt=\"\" loading=\"lazy\" \/><\/figure><div class=\"elementor-image-box-content\"><h3 class=\"elementor-image-box-title\">160\u20ac\/ par nuit<\/h3><p class=\"elementor-image-box-description\">(sauf jours f\u00e9ri\u00e9s et sp\u00e9ciaux)<\/p><\/div><\/div>\t\t\t\t<\/div>\n\t\t\t\t<\/div>\n\t\t\t\t<\/div>\n\t\t<div class=\"elementor-element elementor-element-f9f5178 e-con-full e-flex e-con e-child\" data-id=\"f9f5178\" data-element_type=\"container\" data-settings=\"{&quot;shape_divider_bottom&quot;:&quot;opacity-fan&quot;}\">\n\t\t\t\t<div class=\"elementor-shape elementor-shape-bottom\" aria-hidden=\"true\" data-negative=\"false\">\n\t\t\t<svg xmlns=\"http:\/\/www.w3.org\/2000\/svg\" viewBox=\"0 0 283.5 19.6\" preserveAspectRatio=\"none\">\n\t<path class=\"elementor-shape-fill\" style=\"opacity:0.33\" d=\"M0 0L0 18.8 141.8 4.1 283.5 18.8 283.5 0z\"\/>\n\t<path class=\"elementor-shape-fill\" style=\"opacity:0.33\" d=\"M0 0L0 12.6 141.8 4 283.5 12.6 283.5 0z\"\/>\n\t<path class=\"elementor-shape-fill\" style=\"opacity:0.33\" d=\"M0 0L0 6.4 141.8 4 283.5 6.4 283.5 0z\"\/>\n\t<path class=\"elementor-shape-fill\" d=\"M0 0L0 1.2 141.8 4 283.5 1.2 283.5 0z\"\/>\n<\/svg>\t\t<\/div>\n\t\t\t\t<div class=\"elementor-element elementor-element-a5eddaa elementor-widget elementor-widget-heading\" data-id=\"a5eddaa\" data-element_type=\"widget\" data-widget_type=\"heading.default\">\n\t\t\t\t<div class=\"elementor-widget-container\">\n\t\t\t\t\t<h2 class=\"elementor-heading-title elementor-size-default\">Vendredi et Samedi<\/h2>\t\t\t\t<\/div>\n\t\t\t\t<\/div>\n\t\t\t\t<div class=\"elementor-element elementor-element-2105e07 elementor-position-top elementor-widget elementor-widget-image-box\" data-id=\"2105e07\" data-element_type=\"widget\" data-widget_type=\"image-box.default\">\n\t\t\t\t<div class=\"elementor-widget-container\">\n\t\t\t\t\t<div class=\"elementor-image-box-wrapper\"><figure class=\"elementor-image-box-img\"><img decoding=\"async\" src=\"https:\/\/sexy-suite.fr\/wp-content\/plugins\/elementor\/assets\/images\/placeholder.png\" title=\"\" alt=\"\" loading=\"lazy\" \/><\/figure><div class=\"elementor-image-box-content\"><h3 class=\"elementor-image-box-title\">200\u20ac\/ par nuit<\/h3><p class=\"elementor-image-box-description\">(sauf jours sp\u00e9ciaux)<\/p><\/div><\/div>\t\t\t\t<\/div>\n\t\t\t\t<\/div>\n\t\t\t\t<\/div>\n\t\t\t\t<\/div>\n\t\t<div class=\"elementor-element elementor-element-8533b3b e-flex e-con-boxed e-con e-parent\" data-id=\"8533b3b\" data-element_type=\"container\">\n\t\t\t\t\t<div class=\"e-con-inner\">\n\t\t\t\t<div class=\"elementor-element elementor-element-a2eff01 elementor-widget__width-initial elementor-widget elementor-widget-text-editor\" data-id=\"a2eff01\" data-element_type=\"widget\" data-widget_type=\"text-editor.default\">\n\t\t\t\t<div class=\"elementor-widget-container\">\n\t\t\t\t\t\t\t\t\t<p><span style=\"text-decoration: underline;\">Ces tarifs comprennent<\/span> :\u00a0<\/p><p>-Acc\u00e8s de 18h \u00e0 11h\u00a0 \u00a0 \u00a0 \u00a0\u00a0<\/p><p>-Linge de lit<\/p><p>-Linge de bain<\/p><p>-Produits d&rsquo;accueil<\/p><p>-Plateau de courtoisie<\/p><p>-Parking et terrasse priv\u00e9<\/p><p>-Internet et syst\u00e8me sono<\/p><p>-Nombreux accessoires surprises<\/p><p>-Le m\u00e9nage en fin de s\u00e9jour<\/p>\t\t\t\t\t\t\t\t<\/div>\n\t\t\t\t<\/div>\n\t\t\t\t\t<\/div>\n\t\t\t\t<\/div>\n\t\t<div class=\"elementor-element elementor-element-4d54d71 e-grid e-con-boxed e-con e-parent\" data-id=\"4d54d71\" data-element_type=\"container\">\n\t\t\t\t\t<div class=\"e-con-inner\">\n\t\t\t\t<div class=\"elementor-element elementor-element-9e0be17 elementor-position-top elementor-widget elementor-widget-image-box\" data-id=\"9e0be17\" data-element_type=\"widget\" data-widget_type=\"image-box.default\">\n\t\t\t\t<div class=\"elementor-widget-container\">\n\t\t\t\t\t<div class=\"elementor-image-box-wrapper\"><figure class=\"elementor-image-box-img\"><img fetchpriority=\"high\" decoding=\"async\" width=\"1280\" height=\"853\" src=\"https:\/\/sexy-suite.fr\/wp-content\/uploads\/2025\/02\/croissant-3993433_1280.jpg\" class=\"attachment-full size-full wp-image-42371\" alt=\"\" srcset=\"https:\/\/sexy-suite.fr\/wp-content\/uploads\/2025\/02\/croissant-3993433_1280.jpg 1280w, https:\/\/sexy-suite.fr\/wp-content\/uploads\/2025\/02\/croissant-3993433_1280-300x200.jpg 300w, https:\/\/sexy-suite.fr\/wp-content\/uploads\/2025\/02\/croissant-3993433_1280-1024x682.jpg 1024w, https:\/\/sexy-suite.fr\/wp-content\/uploads\/2025\/02\/croissant-3993433_1280-768x512.jpg 768w, https:\/\/sexy-suite.fr\/wp-content\/uploads\/2025\/02\/croissant-3993433_1280-240x160.jpg 240w, https:\/\/sexy-suite.fr\/wp-content\/uploads\/2025\/02\/croissant-3993433_1280-600x400.jpg 600w\" sizes=\"(max-width: 1280px) 100vw, 1280px\" \/><\/figure><div class=\"elementor-image-box-content\"><h3 class=\"elementor-image-box-title\">Petit-d\u00e9jeuner<\/h3><p class=\"elementor-image-box-description\">20 \u20ac<\/p><\/div><\/div>\t\t\t\t<\/div>\n\t\t\t\t<\/div>\n\t\t\t\t<div class=\"elementor-element elementor-element-bb4dc8d elementor-position-top elementor-widget elementor-widget-image-box\" data-id=\"bb4dc8d\" data-element_type=\"widget\" data-widget_type=\"image-box.default\">\n\t\t\t\t<div class=\"elementor-widget-container\">\n\t\t\t\t\t<div class=\"elementor-image-box-wrapper\"><figure class=\"elementor-image-box-img\"><img decoding=\"async\" width=\"290\" height=\"250\" src=\"https:\/\/sexy-suite.fr\/wp-content\/uploads\/2025\/02\/OIP-290x250.jpg\" class=\"attachment-wpestate_blog_unit size-wpestate_blog_unit wp-image-42373\" alt=\"\" \/><\/figure><div class=\"elementor-image-box-content\"><h3 class=\"elementor-image-box-title\">planche ap\u00e9ro<\/h3><p class=\"elementor-image-box-description\">35 \u20ac<\/p><\/div><\/div>\t\t\t\t<\/div>\n\t\t\t\t<\/div>\n\t\t\t\t<div class=\"elementor-element elementor-element-d1a953e elementor-position-top elementor-widget elementor-widget-image-box\" data-id=\"d1a953e\" data-element_type=\"widget\" data-widget_type=\"image-box.default\">\n\t\t\t\t<div class=\"elementor-widget-container\">\n\t\t\t\t\t<div class=\"elementor-image-box-wrapper\"><figure class=\"elementor-image-box-img\"><img decoding=\"async\" width=\"1280\" height=\"960\" src=\"https:\/\/sexy-suite.fr\/wp-content\/uploads\/2025\/02\/moon-8178208_1280.jpg\" class=\"attachment-full size-full wp-image-42374\" alt=\"\" srcset=\"https:\/\/sexy-suite.fr\/wp-content\/uploads\/2025\/02\/moon-8178208_1280.jpg 1280w, https:\/\/sexy-suite.fr\/wp-content\/uploads\/2025\/02\/moon-8178208_1280-300x225.jpg 300w, https:\/\/sexy-suite.fr\/wp-content\/uploads\/2025\/02\/moon-8178208_1280-1024x768.jpg 1024w, https:\/\/sexy-suite.fr\/wp-content\/uploads\/2025\/02\/moon-8178208_1280-768x576.jpg 768w, https:\/\/sexy-suite.fr\/wp-content\/uploads\/2025\/02\/moon-8178208_1280-600x450.jpg 600w\" sizes=\"(max-width: 1280px) 100vw, 1280px\" \/><\/figure><div class=\"elementor-image-box-content\"><h3 class=\"elementor-image-box-title\">Arriv\u00e9e anticip\u00e9e<\/h3><p class=\"elementor-image-box-description\">15 \u20ac<\/p><\/div><\/div>\t\t\t\t<\/div>\n\t\t\t\t<\/div>\n\t\t\t\t<div class=\"elementor-element elementor-element-6db2e40 elementor-position-top elementor-widget elementor-widget-image-box\" data-id=\"6db2e40\" data-element_type=\"widget\" data-widget_type=\"image-box.default\">\n\t\t\t\t<div class=\"elementor-widget-container\">\n\t\t\t\t\t<div class=\"elementor-image-box-wrapper\"><figure class=\"elementor-image-box-img\"><img loading=\"lazy\" decoding=\"async\" width=\"250\" height=\"220\" src=\"https:\/\/sexy-suite.fr\/wp-content\/uploads\/2025\/04\/iris-juana-103CUGLoj_g-unsplash-250x220.jpg\" class=\"attachment-post-thumbnail size-post-thumbnail wp-image-42761\" alt=\"\" \/><\/figure><div class=\"elementor-image-box-content\"><h3 class=\"elementor-image-box-title\">D\u00e9part tardif<\/h3><p class=\"elementor-image-box-description\">15 \u20ac<\/p><\/div><\/div>\t\t\t\t<\/div>\n\t\t\t\t<\/div>\n\t\t\t\t\t<\/div>\n\t\t\t\t<\/div>\n\t\t<div class=\"elementor-element elementor-element-03d79df e-flex e-con-boxed e-con e-parent\" data-id=\"03d79df\" data-element_type=\"container\">\n\t\t\t\t\t<div class=\"e-con-inner\">\n\t\t\t\t<div class=\"elementor-element elementor-element-ed6ecf8 elementor-widget__width-initial elementor-position-top elementor-widget elementor-widget-image-box\" data-id=\"ed6ecf8\" data-element_type=\"widget\" data-widget_type=\"image-box.default\">\n\t\t\t\t<div class=\"elementor-widget-container\">\n\t\t\t\t\t<div class=\"elementor-image-box-wrapper\"><figure class=\"elementor-image-box-img\"><img loading=\"lazy\" decoding=\"async\" width=\"2560\" height=\"2560\" src=\"https:\/\/sexy-suite.fr\/wp-content\/uploads\/2025\/04\/pexels-led-supermarket-179772-577514-scaled.jpg\" class=\"attachment-full size-full wp-image-42757\" alt=\"\" srcset=\"https:\/\/sexy-suite.fr\/wp-content\/uploads\/2025\/04\/pexels-led-supermarket-179772-577514-scaled.jpg 2560w, https:\/\/sexy-suite.fr\/wp-content\/uploads\/2025\/04\/pexels-led-supermarket-179772-577514-300x300.jpg 300w, https:\/\/sexy-suite.fr\/wp-content\/uploads\/2025\/04\/pexels-led-supermarket-179772-577514-1024x1024.jpg 1024w, https:\/\/sexy-suite.fr\/wp-content\/uploads\/2025\/04\/pexels-led-supermarket-179772-577514-150x150.jpg 150w, https:\/\/sexy-suite.fr\/wp-content\/uploads\/2025\/04\/pexels-led-supermarket-179772-577514-768x768.jpg 768w, https:\/\/sexy-suite.fr\/wp-content\/uploads\/2025\/04\/pexels-led-supermarket-179772-577514-1536x1536.jpg 1536w, https:\/\/sexy-suite.fr\/wp-content\/uploads\/2025\/04\/pexels-led-supermarket-179772-577514-2048x2048.jpg 2048w, https:\/\/sexy-suite.fr\/wp-content\/uploads\/2025\/04\/pexels-led-supermarket-179772-577514-60x60.jpg 60w, https:\/\/sexy-suite.fr\/wp-content\/uploads\/2025\/04\/pexels-led-supermarket-179772-577514-600x600.jpg 600w, https:\/\/sexy-suite.fr\/wp-content\/uploads\/2025\/04\/pexels-led-supermarket-179772-577514-100x100.jpg 100w, https:\/\/sexy-suite.fr\/wp-content\/uploads\/2025\/04\/elementor\/thumbs\/pexels-led-supermarket-179772-577514-scaled-r3vdbiskaw2yaa3faqtja1apkhnwrnj3aktolwwiey.jpg 25w, https:\/\/sexy-suite.fr\/wp-content\/uploads\/2025\/04\/elementor\/thumbs\/pexels-led-supermarket-179772-577514-scaled-r3vdbislkxt7h6nuflq9hx2znp34czwlgyn42dwlg4.jpg 130w\" sizes=\"(max-width: 2560px) 100vw, 2560px\" \/><\/figure><div class=\"elementor-image-box-content\"><h3 class=\"elementor-image-box-title\">Autres<\/h3><p class=\"elementor-image-box-description\">Toutes les autres options peuvent \u00eatre \u00e9tudi\u00e9es ensemble: d\u00e9corations particuli\u00e8res, anniversaires, fian\u00e7ailles, nourritures, horaires, accessoires, etc<\/p><\/div><\/div>\t\t\t\t<\/div>\n\t\t\t\t<\/div>\n\t\t\t\t\t<\/div>\n\t\t\t\t<\/div>\n\t\t<div class=\"elementor-element elementor-element-1d55451 e-flex e-con-boxed e-con e-parent\" data-id=\"1d55451\" data-element_type=\"container\">\n\t\t\t\t\t<div class=\"e-con-inner\">\n\t\t<div class=\"elementor-element elementor-element-6b102d4 e-con-full e-flex e-con e-child\" data-id=\"6b102d4\" data-element_type=\"container\">\n\t\t\t\t<div class=\"elementor-element elementor-element-7834fd6 elementor-view-default elementor-widget elementor-widget-icon\" data-id=\"7834fd6\" data-element_type=\"widget\" data-widget_type=\"icon.default\">\n\t\t\t\t<div class=\"elementor-widget-container\">\n\t\t\t\t\t\t\t<div class=\"elementor-icon-wrapper\">\n\t\t\t<div class=\"elementor-icon\">\n\t\t\t<i aria-hidden=\"true\" class=\"fas fa-exclamation-triangle\"><\/i>\t\t\t<\/div>\n\t\t<\/div>\n\t\t\t\t\t\t<\/div>\n\t\t\t\t<\/div>\n\t\t\t\t<\/div>\n\t\t<div class=\"elementor-element elementor-element-95002fb e-con-full e-flex e-con e-child\" data-id=\"95002fb\" data-element_type=\"container\">\n\t\t\t\t<div class=\"elementor-element elementor-element-4f869c2 animated-slow elementor-invisible elementor-widget elementor-widget-heading\" data-id=\"4f869c2\" data-element_type=\"widget\" data-settings=\"{&quot;_animation&quot;:&quot;bounceIn&quot;}\" data-widget_type=\"heading.default\">\n\t\t\t\t<div class=\"elementor-widget-container\">\n\t\t\t\t\t<h2 class=\"elementor-heading-title elementor-size-default\">Une caution sera demand\u00e9e et exig\u00e9e apr\u00e8s votre r\u00e9servation. \n\n(Non pr\u00e9lev\u00e9e, sous forme d'empreinte bancaire) <\/h2>\t\t\t\t<\/div>\n\t\t\t\t<\/div>\n\t\t\t\t<\/div>\n\t\t\t\t\t<\/div>\n\t\t\t\t<\/div>\n\t\t\t\t<\/div>\n\t\t","protected":false},"excerpt":{"rendered":"<p>Tarifs Dimanche au jeudi 160\u20ac\/ par nuit (sauf jours f\u00e9ri\u00e9s et sp\u00e9ciaux) Vendredi et Samedi 200\u20ac\/ par nuit (sauf jours sp\u00e9ciaux) Ces tarifs comprennent :\u00a0 -Acc\u00e8s de 18h \u00e0 11h\u00a0 \u00a0 \u00a0 \u00a0\u00a0 -Linge de lit -Linge de bain -Produits d&rsquo;accueil -Plateau de courtoisie -Parking et terrasse priv\u00e9 -Internet et syst\u00e8me sono -Nombreux accessoires surprises &#8230;<\/p>\n","protected":false},"author":1,"featured_media":0,"parent":0,"menu_order":3,"comment_status":"closed","ping_status":"closed","template":"","meta":{"footnotes":""},"class_list":["post-55","page","type-page","status-publish","hentry"],"_links":{"self":[{"href":"https:\/\/sexy-suite.fr\/index.php?rest_route=\/wp\/v2\/pages\/55","targetHints":{"allow":["GET"]}}],"collection":[{"href":"https:\/\/sexy-suite.fr\/index.php?rest_route=\/wp\/v2\/pages"}],"about":[{"href":"https:\/\/sexy-suite.fr\/index.php?rest_route=\/wp\/v2\/types\/page"}],"author":[{"embeddable":true,"href":"https:\/\/sexy-suite.fr\/index.php?rest_route=\/wp\/v2\/users\/1"}],"replies":[{"embeddable":true,"href":"https:\/\/sexy-suite.fr\/index.php?rest_route=%2Fwp%2Fv2%2Fcomments&post=55"}],"version-history":[{"count":82,"href":"https:\/\/sexy-suite.fr\/index.php?rest_route=\/wp\/v2\/pages\/55\/revisions"}],"predecessor-version":[{"id":43150,"href":"https:\/\/sexy-suite.fr\/index.php?rest_route=\/wp\/v2\/pages\/55\/revisions\/43150"}],"wp:attachment":[{"href":"https:\/\/sexy-suite.fr\/index.php?rest_route=%2Fwp%2Fv2%2Fmedia&parent=55"}],"curies":[{"name":"wp","href":"https:\/\/api.w.org\/{rel}","templated":true}]}}